{"id":14,"date":"2019-12-20T20:00:11","date_gmt":"2019-12-20T19:00:11","guid":{"rendered":"http:\/\/icmontelucci.edu.it\/archivio\/didattica\/offerta-formativa\/"},"modified":"2020-01-27T00:03:40","modified_gmt":"2020-01-26T23:03:40","slug":"offerta-formativa","status":"publish","type":"page","link":"https:\/\/icmontelucci.edu.it\/archivio\/didattica\/offerta-formativa\/","title":{"rendered":"Offerta formativa"},"content":{"rendered":"<h3><img loading=\"lazy\" decoding=\"async\" class=\"wp-image-259 size-full aligncenter\" src=\"http:\/\/icmontelucci.edu.it\/archivio\/wp-content\/uploads\/2020\/01\/ptof-icmontelucci-guidonia.jpg\" alt=\"\" width=\"1200\" height=\"630\" srcset=\"https:\/\/icmontelucci.edu.it\/archivio\/wp-content\/uploads\/2020\/01\/ptof-icmontelucci-guidonia.jpg 1200w, https:\/\/icmontelucci.edu.it\/archivio\/wp-content\/uploads\/2020\/01\/ptof-icmontelucci-guidonia-300x158.jpg 300w, https:\/\/icmontelucci.edu.it\/archivio\/wp-content\/uploads\/2020\/01\/ptof-icmontelucci-guidonia-768x403.jpg 768w, https:\/\/icmontelucci.edu.it\/archivio\/wp-content\/uploads\/2020\/01\/ptof-icmontelucci-guidonia-476x250.jpg 476w\" sizes=\"auto, (max-width: 1200px) 100vw, 1200px\" \/><\/h3>\n<h3>Piano dell\u2019Offerta Formativa<\/h3>\n<p>Il Piano dell\u2019offerta formativa (POF) \u00e8 il documento che presenta l\u2019insieme dei servizi offerti dalla scuola, le scelte educative, i percorsi didattici, le soluzioni organizzative e operative adottate, le procedure di valutazione dell\u2019offerta e dei risultati ottenuti.<\/p>\n<h3>PTOF &#8211; Piano triennale dell\u2019offerta formativa<\/h3>\n<p class=\"p1\">Il Piano Triennale dell\u2019Offerta formativa rappresenta la carta d\u2019identit\u00e0 della scuola, identit\u00e0 culturale e programmatica. Il Piano ha valenza triennale perch\u00e9, a partire dalla descrizione dell\u2019identit\u00e0 venutasi a consolidare, individua, attraverso attente procedure valutative, la parte programmatica e gli obiettivi di miglioramento cos\u00ec come individuati dal RAV.<\/p>\n<p class=\"p1\">In questo modo il Piano dell\u2019Offerta formativa della scuola non \u00e8 solo la fotografia dell\u2019identit\u00e0 esistente, ma impegna la struttura organizzativa della scuola e le sue risorse in modo dinamico verso obiettivi di miglioramento e consolidamento.<\/p>\n<p class=\"p1\">La valutazione del POF, dell\u2019azione della dirigenza e di tutte le figure professionali che compongono la comunit\u00e0 scolastica, dovr\u00e0 fare riferimento al raggiungimento degli obiettivi prefissati nei quali sono declinati i principi ispiratori e le linee guida tracciate dal Collegio dei Docenti e dal Consiglio d\u2019Istituto.<\/p>\n<p class=\"p1\">Il PTOF segue il piano attuativo dell\u2019innalzamento dell\u2019obbligo scolastico e formativo, \u00e8 aggiornato sulla base di quanto stabilito dalla riforma Gelmini del 4 Febbraio 2010, stipula protocolli di intesa e convenzioni con le istituzioni scolastiche, utilizzando anche la rete informatica ed il mondo del lavoro.<\/p>\n<p class=\"p1\">Elaborato dal Collegio dei Docenti e deliberato dal Consiglio di Istituto, esso si presenta come \u201cil progetto\u201d nel quale si sostanzia il complessivo processo educativo promosso dalla scuola. In tal senso esso mira al miglioramento dell\u2019offerta formativa e si sviluppa seguendo le finalit\u00e0 dell\u2019Autonomia (DM 19\/7\/99 Art.3).<\/p>\n<ul>\n<li><a href=\"http:\/\/icmontelucci.edu.it\/archivio\/wp-content\/uploads\/2020\/01\/PTOF-2020-2022.pdf\">PTOF &#8211; Istituto Comprensivo G. Montelucci<\/a><\/li>\n<\/ul>\n","protected":false},"excerpt":{"rendered":"<p>Piano dell\u2019Offerta Formativa Il Piano dell\u2019offerta formativa (POF) \u00e8 il documento che presenta l\u2019insieme dei servizi offerti dalla scuola, le scelte educative, i percorsi didattici, le soluzioni organizzative e operative adottate, le procedure di valutazione dell\u2019offerta&hellip; <a class=\"continue\" href=\"https:\/\/icmontelucci.edu.it\/archivio\/didattica\/offerta-formativa\/\">Continua<span> Offerta formativa<\/span><\/a><\/p>\n","protected":false},"author":3,"featured_media":259,"parent":8,"menu_order":0,"comment_status":"closed","ping_status":"closed","template":"page-templates\/cicli-scolastici.php","meta":{"footnotes":""},"class_list":["post-14","page","type-page","status-publish","has-post-thumbnail","hentry"],"_links":{"self":[{"href":"https:\/\/icmontelucci.edu.it\/archivio\/wp-json\/wp\/v2\/pages\/14","targetHints":{"allow":["GET"]}}],"collection":[{"href":"https:\/\/icmontelucci.edu.it\/archivio\/wp-json\/wp\/v2\/pages"}],"about":[{"href":"https:\/\/icmontelucci.edu.it\/archivio\/wp-json\/wp\/v2\/types\/page"}],"author":[{"embeddable":true,"href":"https:\/\/icmontelucci.edu.it\/archivio\/wp-json\/wp\/v2\/users\/3"}],"replies":[{"embeddable":true,"href":"https:\/\/icmontelucci.edu.it\/archivio\/wp-json\/wp\/v2\/comments?post=14"}],"version-history":[{"count":0,"href":"https:\/\/icmontelucci.edu.it\/archivio\/wp-json\/wp\/v2\/pages\/14\/revisions"}],"up":[{"embeddable":true,"href":"https:\/\/icmontelucci.edu.it\/archivio\/wp-json\/wp\/v2\/pages\/8"}],"wp:featuredmedia":[{"embeddable":true,"href":"https:\/\/icmontelucci.edu.it\/archivio\/wp-json\/wp\/v2\/media\/259"}],"wp:attachment":[{"href":"https:\/\/icmontelucci.edu.it\/archivio\/wp-json\/wp\/v2\/media?parent=14"}],"curies":[{"name":"wp","href":"https:\/\/api.w.org\/{rel}","templated":true}]}}